{"id":674,"date":"2021-06-19T02:57:42","date_gmt":"2021-06-19T00:57:42","guid":{"rendered":"http:\/\/mellimueller.com\/wordpress\/?page_id=674"},"modified":"2024-12-25T03:48:04","modified_gmt":"2024-12-25T02:48:04","slug":"cleansing-by-melli-muller","status":"publish","type":"page","link":"http:\/\/mellimueller.com\/wordpress\/cleansing-by-melli-muller\/","title":{"rendered":"Cleansing"},"content":{"rendered":"\n<p style=\"color:#ffffff\" class=\"has-text-color\">Cleansing by Melli M\u00fcller<\/p>\n\n\n\n<p class=\"has-text-color has-small-font-size has-very-dark-gray-color\">The video work <em><em>C<\/em>leansing<\/em> explores intimate treatments of the body through a washing ritual.<br><br>Screening Dates: 01.07.2022 &#8211; 03.07.2022 <a rel=\"noreferrer noopener\" href=\"https:\/\/www.sanktstudio.de\/\" target=\"_blank\">Sankt Studio<\/a> Berlin at <a href=\"http:\/\/mellimueller.com\/wordpress\/tell-me-what-you-want-me-to-be\/\"><em>Tell me what you want me to be<\/em><\/a><br>Screening Dates: 26.06.2021 Caf\u00e9 Soleil in K\u00f6ln at <a rel=\"noreferrer noopener\" href=\"https:\/\/www.kreativkontor.de\/sites\/all\/themes\/simplecorp\/images\/sampleimages\/VF.Ehrenfeld-21.Program.pdf\" target=\"_blank\">Videofenster<\/a><\/p>\n\n\n\n<figure class=\"wp-block-embed-vimeo wp-block-embed is-type-video is-provider-vimeo wp-embed-aspect-16-9 wp-has-aspect-ratio\"><div class=\"wp-block-embed__wrapper\">\n<iframe loading=\"lazy\" title=\"Excerpt of Cleansing  by Melli M\u00fcller\" src=\"https:\/\/player.vimeo.com\/video\/875345374?dnt=1&amp;app_id=122963\" width=\"880\" height=\"495\" frameborder=\"0\" allow=\"autoplay; fullscreen; picture-in-picture; clipboard-write\"><\/iframe>\n<\/div><\/figure>\n\n\n\n<figure class=\"wp-block-image size-large\"><img loading=\"lazy\" decoding=\"async\" width=\"780\" height=\"439\" src=\"http:\/\/mellimueller.com\/wordpress\/wp-content\/uploads\/2021\/05\/Still_03_CLEANSING_Melli-Mu\u0308ller-780x439.jpg\" alt=\"Alt - Melli M\u00fcller video work Still from Cleansing by Melli M\u00fcller\" class=\"wp-image-675\" srcset=\"http:\/\/mellimueller.com\/wordpress\/wp-content\/uploads\/2021\/05\/Still_03_CLEANSING_Melli-Mu\u0308ller-780x439.jpg 780w, http:\/\/mellimueller.com\/wordpress\/wp-content\/uploads\/2021\/05\/Still_03_CLEANSING_Melli-Mu\u0308ller-300x169.jpg 300w, http:\/\/mellimueller.com\/wordpress\/wp-content\/uploads\/2021\/05\/Still_03_CLEANSING_Melli-Mu\u0308ller-768x432.jpg 768w, http:\/\/mellimueller.com\/wordpress\/wp-content\/uploads\/2021\/05\/Still_03_CLEANSING_Melli-Mu\u0308ller-1536x864.jpg 1536w, http:\/\/mellimueller.com\/wordpress\/wp-content\/uploads\/2021\/05\/Still_03_CLEANSING_Melli-Mu\u0308ller-2048x1152.jpg 2048w, http:\/\/mellimueller.com\/wordpress\/wp-content\/uploads\/2021\/05\/Still_03_CLEANSING_Melli-Mu\u0308ller-880x495.jpg 880w, http:\/\/mellimueller.com\/wordpress\/wp-content\/uploads\/2021\/05\/Still_03_CLEANSING_Melli-Mu\u0308ller-220x124.jpg 220w\" sizes=\"auto, (max-width: 780px) 100vw, 780px\" \/><\/figure>\n\n\n\n<p style=\"font-size:10px\" class=\"has-text-align-right\">Still from <em>Cleansing<\/em><\/p>\n\n\n\n<figure class=\"wp-block-image size-large is-resized\"><img loading=\"lazy\" decoding=\"async\" src=\"http:\/\/mellimueller.com\/wordpress\/wp-content\/uploads\/2021\/06\/DAKU_Logokombi_01-01-780x284.jpg\" alt=\"\" class=\"wp-image-713\" width=\"154\" height=\"56\" srcset=\"http:\/\/mellimueller.com\/wordpress\/wp-content\/uploads\/2021\/06\/DAKU_Logokombi_01-01-780x284.jpg 780w, http:\/\/mellimueller.com\/wordpress\/wp-content\/uploads\/2021\/06\/DAKU_Logokombi_01-01-300x109.jpg 300w, http:\/\/mellimueller.com\/wordpress\/wp-content\/uploads\/2021\/06\/DAKU_Logokombi_01-01-768x280.jpg 768w, http:\/\/mellimueller.com\/wordpress\/wp-content\/uploads\/2021\/06\/DAKU_Logokombi_01-01-1536x560.jpg 1536w, http:\/\/mellimueller.com\/wordpress\/wp-content\/uploads\/2021\/06\/DAKU_Logokombi_01-01-2048x746.jpg 2048w, http:\/\/mellimueller.com\/wordpress\/wp-content\/uploads\/2021\/06\/DAKU_Logokombi_01-01-880x321.jpg 880w, http:\/\/mellimueller.com\/wordpress\/wp-content\/uploads\/2021\/06\/DAKU_Logokombi_01-01-220x80.jpg 220w\" sizes=\"auto, (max-width: 154px) 100vw, 154px\" \/><\/figure>\n\n\n\n<p style=\"font-size:9px\" class=\"has-text-color has-very-dark-gray-color\">Supported by Fonds Darstellende K\u00fcnste with funds from the Federal Government Commissioner for Culture and the MediaThe video work <em><em>C<\/em>leansing<\/em> explores intimate treatments of the body through a washing ritual. <\/p>\n\n\n\n<p style=\"font-size:1px\" class=\"has-text-color has-very-light-gray-color\"> The video work <em><em>C<\/em>leansing<\/em> explores intimate treatments of the body through a washing ritual.The video work <em><em>C<\/em>leansing<\/em> explores intimate treatments of the body through a washing ritual.The video work <em><em>C<\/em>leansing<\/em> explores intimate treatments of the body through a washing ritual.The video work <em><em>C<\/em>leansing<\/em> explores intimate treatments of the body through a washing ritual.The video work <em><em>C<\/em>leansing<\/em> explores intimate treatments of the body through a washing ritual.The video work <em><em>C<\/em>leansing<\/em> explores intimate treatments of the body through a washing ritual.The video work <em><em>C<\/em>leansing<\/em> explores intimate treatments of the body through a washing ritual.The video work <em><em>C<\/em>leansing<\/em> explores intimate treatments of the body through a washing ritual.The video work <em><em>C<\/em>leansing<\/em> explores intimate treatments of the body through a washing ritual.The video work <em><em>C<\/em>leansing<\/em> explores intimate treatments of the body through a washing ritual.The video work <em><em>C<\/em>leansing<\/em> explores intimate treatments of the body through a washing ritual.The video work <em><em>C<\/em>leansing<\/em> explores intimate treatments of the body through a washing ritual.The video work <em><em>C<\/em>leansing<\/em> explores intimate treatments of the body through a washing ritual.The video work <em><em>C<\/em>leansing<\/em> explores intimate treatments of the body through a washing ritual.The video work <em><em>C<\/em>leansing<\/em> explores intimate treatments of the body through a washing ritual.The video work <em><em>C<\/em>leansing<\/em> explores intimate treatments of the body through a washing ritual.The video work <em><em>C<\/em>leansing<\/em> explores intimate treatments of the body through a washing ritual.The video work <em><em>C<\/em>leansing<\/em> explores intimate treatments of the body through a washing ritual.The video work <em><em>C<\/em>leansing<\/em> explores intimate treatments of the body through a washing ritual.The video work <em><em>C<\/em>leansing<\/em> explores intimate treatments of the body through a washing ritual.The video work <em><em>C<\/em>leansing<\/em> explores intimate treatments of the body through a washing ritual.The video work <em><em>C<\/em>leansing<\/em> explores intimate treatments of the body through a washing ritual.The video work <em><em>C<\/em>leansing<\/em> explores intimate treatments of the body through a washing ritual.The video work <em><em>C<\/em>leansing<\/em> explores intimate treatments of the body through a washing ritual.The video work <em><em>C<\/em>leansing<\/em> explores intimate treatments of the body through a washing ritual.The video work <em><em>C<\/em>leansing<\/em> explores intimate treatments of the body through a washing ritual.The video work <em><em>C<\/em>leansing<\/em> explores intimate treatments of the body through a washing ritual. The video work <em><em>C<\/em>leansing<\/em> explores intimate treatments of the body through a washing ritual. The video work <em><em>C<\/em>leansing<\/em> explores intimate treatments of the body through a washing ritual. The video work <em><em>C<\/em>leansing<\/em> explores intimate treatments of the body through a washing ritual. The video work <em><em>C<\/em>leansing<\/em> explores intimate treatments of the body through a washing ritual. The video work <em><em>C<\/em>leansing<\/em> explores intimate treatments of the body through a washing ritual. The video work <em><em>C<\/em>leansing<\/em> explores intimate treatments of the body through a washi <\/p>\n\n\n\n<p style=\"font-size:1px\" class=\"has-text-color has-very-light-gray-color\">Cleansing by Melli M\u00fcller<\/p>\n\n\n\n<p style=\"font-size:1px\" class=\"has-text-color has-very-light-gray-color\">g ritual. The video work <em><em>C<\/em>leansing<\/em> explores intimate treatments of the body through a washing ritual.<\/p>\n\n\n\n<p style=\"font-size:1px\" class=\"has-text-color has-very-light-gray-color\"><\/p>\n\n\n\n<p style=\"font-size:1px\" class=\"has-text-color has-very-light-gray-color\"><\/p>\n\n\n\n<p style=\"font-size:1px\" class=\"has-text-color has-very-light-gray-color\"><\/p>\n\n\n\n<p style=\"font-size:1px\" class=\"has-text-color has-very-light-gray-color\">Cleansing by Melli M\u00fcller<\/p>\n\n\n\n<p><\/p>\n","protected":false},"excerpt":{"rendered":"<p>Cleansing by Melli M\u00fcller The video work Cleansing explores intimate treatments of the body through a washing ritual. Screening Dates: 01.07.2022 &#8211; 03.07.2022 Sankt Studio Berlin at Tell me what you want me to beScreening Dates: 26.06.2021 Caf\u00e9 Soleil in K\u00f6ln at Videofenster Still from Cleansing Supported by Fonds Darstellende K\u00fcnste with funds from the [&hellip;]<\/p>\n","protected":false},"author":1,"featured_media":0,"parent":0,"menu_order":0,"comment_status":"closed","ping_status":"closed","template":"","meta":{"footnotes":""},"class_list":["post-674","page","type-page","status-publish","hentry"],"yoast_head":"<!-- This site is optimized with the Yoast SEO plugin v14.3 - https:\/\/yoast.com\/wordpress\/plugins\/seo\/ -->\n<title>Cleansing - by Melli M\u00fcller videowork screening in cologne and Berlin<\/title>\n<meta name=\"description\" content=\"The video work Cleansing by Melli M\u00fcller explores intimate treatments of the body through a washing ritual. Screening: July 2022 Berlin, June 2021 Cologne\" \/>\n<meta name=\"robots\" content=\"index, follow\" \/>\n<meta name=\"googlebot\" content=\"index, follow, max-snippet:-1, max-image-preview:large, max-video-preview:-1\" \/>\n<meta name=\"bingbot\" content=\"index, follow, max-snippet:-1, max-image-preview:large, max-video-preview:-1\" \/>\n<link rel=\"canonical\" href=\"http:\/\/mellimueller.com\/wordpress\/cleansing-by-melli-muller\/\" \/>\n<meta property=\"og:locale\" content=\"de_DE\" \/>\n<meta property=\"og:type\" content=\"article\" \/>\n<meta property=\"og:title\" content=\"Cleansing - by Melli M\u00fcller videowork screening in cologne and Berlin\" \/>\n<meta property=\"og:description\" content=\"The video work Cleansing by Melli M\u00fcller explores intimate treatments of the body through a washing ritual. Screening: July 2022 Berlin, June 2021 Cologne\" \/>\n<meta property=\"og:url\" content=\"http:\/\/mellimueller.com\/wordpress\/cleansing-by-melli-muller\/\" \/>\n<meta property=\"article:modified_time\" content=\"2024-12-25T02:48:04+00:00\" \/>\n<meta property=\"og:image\" content=\"http:\/\/mellimueller.com\/wordpress\/wp-content\/uploads\/2021\/05\/Still_03_CLEANSING_Melli-Mu\u0308ller-780x439.jpg\" \/>\n<meta name=\"twitter:card\" content=\"summary_large_image\" \/>\n<script type=\"application\/ld+json\" class=\"yoast-schema-graph\">{\"@context\":\"https:\/\/schema.org\",\"@graph\":[{\"@type\":\"WebSite\",\"@id\":\"http:\/\/mellimueller.com\/wordpress\/#website\",\"url\":\"http:\/\/mellimueller.com\/wordpress\/\",\"name\":\"\",\"description\":\"\",\"potentialAction\":[{\"@type\":\"SearchAction\",\"target\":\"http:\/\/mellimueller.com\/wordpress\/?s={search_term_string}\",\"query-input\":\"required name=search_term_string\"}],\"inLanguage\":\"de\"},{\"@type\":\"ImageObject\",\"@id\":\"http:\/\/mellimueller.com\/wordpress\/cleansing-by-melli-muller\/#primaryimage\",\"inLanguage\":\"de\",\"url\":\"http:\/\/mellimueller.com\/wordpress\/wp-content\/uploads\/2021\/05\/Still_03_CLEANSING_Melli-Mu\\u0308ller-780x439.jpg\"},{\"@type\":\"WebPage\",\"@id\":\"http:\/\/mellimueller.com\/wordpress\/cleansing-by-melli-muller\/#webpage\",\"url\":\"http:\/\/mellimueller.com\/wordpress\/cleansing-by-melli-muller\/\",\"name\":\"Cleansing - by Melli M\\u00fcller videowork screening in cologne and Berlin\",\"isPartOf\":{\"@id\":\"http:\/\/mellimueller.com\/wordpress\/#website\"},\"primaryImageOfPage\":{\"@id\":\"http:\/\/mellimueller.com\/wordpress\/cleansing-by-melli-muller\/#primaryimage\"},\"datePublished\":\"2021-06-19T00:57:42+00:00\",\"dateModified\":\"2024-12-25T02:48:04+00:00\",\"description\":\"The video work Cleansing by Melli M\\u00fcller explores intimate treatments of the body through a washing ritual. Screening: July 2022 Berlin, June 2021 Cologne\",\"inLanguage\":\"de\",\"potentialAction\":[{\"@type\":\"ReadAction\",\"target\":[\"http:\/\/mellimueller.com\/wordpress\/cleansing-by-melli-muller\/\"]}]}]}<\/script>\n<!-- \/ Yoast SEO plugin. -->","_links":{"self":[{"href":"http:\/\/mellimueller.com\/wordpress\/wp-json\/wp\/v2\/pages\/674","targetHints":{"allow":["GET"]}}],"collection":[{"href":"http:\/\/mellimueller.com\/wordpress\/wp-json\/wp\/v2\/pages"}],"about":[{"href":"http:\/\/mellimueller.com\/wordpress\/wp-json\/wp\/v2\/types\/page"}],"author":[{"embeddable":true,"href":"http:\/\/mellimueller.com\/wordpress\/wp-json\/wp\/v2\/users\/1"}],"replies":[{"embeddable":true,"href":"http:\/\/mellimueller.com\/wordpress\/wp-json\/wp\/v2\/comments?post=674"}],"version-history":[{"count":22,"href":"http:\/\/mellimueller.com\/wordpress\/wp-json\/wp\/v2\/pages\/674\/revisions"}],"predecessor-version":[{"id":1521,"href":"http:\/\/mellimueller.com\/wordpress\/wp-json\/wp\/v2\/pages\/674\/revisions\/1521"}],"wp:attachment":[{"href":"http:\/\/mellimueller.com\/wordpress\/wp-json\/wp\/v2\/media?parent=674"}],"curies":[{"name":"wp","href":"https:\/\/api.w.org\/{rel}","templated":true}]}}