{"id":331,"date":"2019-05-25T11:52:01","date_gmt":"2019-05-25T09:52:01","guid":{"rendered":"http:\/\/mellimue.com\/wordpress\/?page_id=331"},"modified":"2024-10-05T22:27:58","modified_gmt":"2024-10-05T20:27:58","slug":"impressum","status":"publish","type":"page","link":"http:\/\/mellimueller.com\/wordpress\/impressum\/","title":{"rendered":"Impressum"},"content":{"rendered":"\n<p>Melanie M\u00fcller | Melli Mueller<\/p>\n\n\n\n<p>T\u00e4nzerin, Tanzp\u00e4dagogin und Choreographin<\/p>\n\n\n\n<p>Adresse: Untere Wende 51, Bielefeld&nbsp;<\/p>\n\n\n\n<p>Kontakt:\u00a0Mobil: 0176 32995537, Email: me.melanie.mueller@gmail.com<\/p>\n\n\n\n<p>URL:&nbsp;http:\/\/melli-mueller.com<\/p>\n\n\n\n<p>Copyright:&nbsp;Text &amp; Gestaltung: Melli M\u00fcller,<\/p>\n\n\n\n<p>Fotos: Frank Erler, Anna Schopa,&nbsp;Michael M\u00fcller, Martin Miser\u00e9, Guntram Walter, Dietmar Paetzold, Werner Meyer,&nbsp;Dylan Gephart, Michael Priebe, Adam Broomberg, Samuel Otte, Maarten van der Put, Hoda Afshar, Alessandro De Matteis,  <\/p>\n\n\n\n<p>Inhaltlich Verantwortlicher nach \u00a7 6 Abs. 2 MDStV:<\/p>\n\n\n\n<p>Soweit f\u00fcr die Wiedergabe des Seiteninhaltes eine Verantwortlichkeit i.S.d. \u00a7 6 Abs. 2 MDStV erforderlich ist, ist Janina Bobrowski Verantwortlicher in diesem Sinne. F\u00fcr die inhaltliche Richtigkeit und Verf\u00fcgbarkeit der Angebote wird keine Verantwortlichkeit \u00fcbernommen.<\/p>\n\n\n\n<p>Haftungshinweis:<\/p>\n\n\n\n<p>Trotz sorgf\u00e4ltiger inhaltlicher Kontrolle \u00fcbernehmen wir keine Haftung f\u00fcr die Inhalte externer Links.<\/p>\n\n\n\n<p>F\u00fcr den Inhalt der verlinkten Seiten sind ausschlie\u00dflich deren Betreiber verantwortlich.<\/p>\n","protected":false},"excerpt":{"rendered":"<p>Melanie M\u00fcller | Melli Mueller T\u00e4nzerin, Tanzp\u00e4dagogin und Choreographin Adresse: Untere Wende 51, Bielefeld&nbsp; Kontakt:\u00a0Mobil: 0176 32995537, Email: me.melanie.mueller@gmail.com URL:&nbsp;http:\/\/melli-mueller.com Copyright:&nbsp;Text &amp; Gestaltung: Melli M\u00fcller, Fotos: Frank Erler, Anna Schopa,&nbsp;Michael M\u00fcller, Martin Miser\u00e9, Guntram Walter, Dietmar Paetzold, Werner Meyer,&nbsp;Dylan Gephart, Michael Priebe, Adam Broomberg, Samuel Otte, Maarten van der Put, Hoda Afshar, Alessandro De Matteis, [&hellip;]<\/p>\n","protected":false},"author":1,"featured_media":0,"parent":0,"menu_order":0,"comment_status":"closed","ping_status":"closed","template":"","meta":{"footnotes":""},"class_list":["post-331","page","type-page","status-publish","hentry"],"yoast_head":"<!-- This site is optimized with the Yoast SEO plugin v14.3 - https:\/\/yoast.com\/wordpress\/plugins\/seo\/ -->\n<title>Impressum -<\/title>\n<meta name=\"robots\" content=\"index, follow\" \/>\n<meta name=\"googlebot\" content=\"index, follow, max-snippet:-1, max-image-preview:large, max-video-preview:-1\" \/>\n<meta name=\"bingbot\" content=\"index, follow, max-snippet:-1, max-image-preview:large, max-video-preview:-1\" \/>\n<link rel=\"canonical\" href=\"http:\/\/mellimueller.com\/wordpress\/impressum\/\" \/>\n<meta property=\"og:locale\" content=\"de_DE\" \/>\n<meta property=\"og:type\" content=\"article\" \/>\n<meta property=\"og:title\" content=\"Impressum -\" \/>\n<meta property=\"og:description\" content=\"Melanie M\u00fcller | Melli Mueller T\u00e4nzerin, Tanzp\u00e4dagogin und Choreographin Adresse: Untere Wende 51, Bielefeld&nbsp; Kontakt:\u00a0Mobil: 0176 32995537, Email: me.melanie.mueller@gmail.com URL:&nbsp;http:\/\/melli-mueller.com Copyright:&nbsp;Text &amp; Gestaltung: Melli M\u00fcller, Fotos: Frank Erler, Anna Schopa,&nbsp;Michael M\u00fcller, Martin Miser\u00e9, Guntram Walter, Dietmar Paetzold, Werner Meyer,&nbsp;Dylan Gephart, Michael Priebe, Adam Broomberg, Samuel Otte, Maarten van der Put, Hoda Afshar, Alessandro De Matteis, [&hellip;]\" \/>\n<meta property=\"og:url\" content=\"http:\/\/mellimueller.com\/wordpress\/impressum\/\" \/>\n<meta property=\"article:modified_time\" content=\"2024-10-05T20:27:58+00:00\" \/>\n<meta name=\"twitter:card\" content=\"summary_large_image\" \/>\n<script type=\"application\/ld+json\" class=\"yoast-schema-graph\">{\"@context\":\"https:\/\/schema.org\",\"@graph\":[{\"@type\":\"WebSite\",\"@id\":\"http:\/\/mellimueller.com\/wordpress\/#website\",\"url\":\"http:\/\/mellimueller.com\/wordpress\/\",\"name\":\"\",\"description\":\"\",\"potentialAction\":[{\"@type\":\"SearchAction\",\"target\":\"http:\/\/mellimueller.com\/wordpress\/?s={search_term_string}\",\"query-input\":\"required name=search_term_string\"}],\"inLanguage\":\"de\"},{\"@type\":\"WebPage\",\"@id\":\"http:\/\/mellimueller.com\/wordpress\/impressum\/#webpage\",\"url\":\"http:\/\/mellimueller.com\/wordpress\/impressum\/\",\"name\":\"Impressum -\",\"isPartOf\":{\"@id\":\"http:\/\/mellimueller.com\/wordpress\/#website\"},\"datePublished\":\"2019-05-25T09:52:01+00:00\",\"dateModified\":\"2024-10-05T20:27:58+00:00\",\"inLanguage\":\"de\",\"potentialAction\":[{\"@type\":\"ReadAction\",\"target\":[\"http:\/\/mellimueller.com\/wordpress\/impressum\/\"]}]}]}<\/script>\n<!-- \/ Yoast SEO plugin. -->","_links":{"self":[{"href":"http:\/\/mellimueller.com\/wordpress\/wp-json\/wp\/v2\/pages\/331","targetHints":{"allow":["GET"]}}],"collection":[{"href":"http:\/\/mellimueller.com\/wordpress\/wp-json\/wp\/v2\/pages"}],"about":[{"href":"http:\/\/mellimueller.com\/wordpress\/wp-json\/wp\/v2\/types\/page"}],"author":[{"embeddable":true,"href":"http:\/\/mellimueller.com\/wordpress\/wp-json\/wp\/v2\/users\/1"}],"replies":[{"embeddable":true,"href":"http:\/\/mellimueller.com\/wordpress\/wp-json\/wp\/v2\/comments?post=331"}],"version-history":[{"count":6,"href":"http:\/\/mellimueller.com\/wordpress\/wp-json\/wp\/v2\/pages\/331\/revisions"}],"predecessor-version":[{"id":1430,"href":"http:\/\/mellimueller.com\/wordpress\/wp-json\/wp\/v2\/pages\/331\/revisions\/1430"}],"wp:attachment":[{"href":"http:\/\/mellimueller.com\/wordpress\/wp-json\/wp\/v2\/media?parent=331"}],"curies":[{"name":"wp","href":"https:\/\/api.w.org\/{rel}","templated":true}]}}