{"id":1432,"date":"2024-10-11T00:57:47","date_gmt":"2024-10-10T22:57:47","guid":{"rendered":"http:\/\/mellimueller.com\/wordpress\/?page_id=1432"},"modified":"2024-12-25T03:35:58","modified_gmt":"2024-12-25T02:35:58","slug":"mellis-fantasy","status":"publish","type":"page","link":"http:\/\/mellimueller.com\/wordpress\/mellis-fantasy\/","title":{"rendered":"Melli&#8217;s Fantasy"},"content":{"rendered":"\n<p style=\"color:#ffffff\" class=\"has-text-color\">film by Melli M\u00fcller<\/p>\n\n\n\n<p>a short film by Melli M\u00fcller<\/p>\n\n\n\n<p>COMING SOON<\/p>\n\n\n\n<figure class=\"wp-block-embed-vimeo wp-block-embed is-type-video is-provider-vimeo wp-embed-aspect-16-9 wp-has-aspect-ratio\"><div class=\"wp-block-embed__wrapper\">\n<iframe loading=\"lazy\" title=\"Trailer Melli&#039;s Fantasy\" src=\"https:\/\/player.vimeo.com\/video\/1018491237?dnt=1&amp;app_id=122963\" width=\"880\" height=\"495\" frameborder=\"0\" allow=\"autoplay; fullscreen; picture-in-picture; clipboard-write\"><\/iframe>\n<\/div><\/figure>\n\n\n\n<p>Melli\u2019s Fantasy is a Super 8 film about intimacy and desire. Lying in bed, Melli tells of an encounter with another person.<\/p>\n\n\n\n<p>a film by MELLI M\u00dcLLER&nbsp;<br>starring MELLI M\u00dcLLER<br>director of photography <a rel=\"noreferrer noopener\" href=\"https:\/\/www.samuelotte.nl\/\" target=\"_blank\">SAMUEL OTTE<\/a><br>Supported by <a rel=\"noreferrer noopener\" href=\"https:\/\/www.fonds-daku.de\/\" target=\"_blank\">Fonds Darstellende K\u00fcnste<\/a> with funds from the Federal Government Commissioner for Culture and the Media<\/p>\n\n\n\n<figure class=\"wp-block-image size-large is-resized\"><img loading=\"lazy\" decoding=\"async\" src=\"http:\/\/mellimueller.com\/wordpress\/wp-content\/uploads\/2024\/10\/DAKU_Logokombi_01-01-780x284.jpg\" alt=\"Alt -Fonds Darstellende K\u00fcnste\" class=\"wp-image-1438\" width=\"150\" height=\"55\" srcset=\"http:\/\/mellimueller.com\/wordpress\/wp-content\/uploads\/2024\/10\/DAKU_Logokombi_01-01-780x284.jpg 780w, http:\/\/mellimueller.com\/wordpress\/wp-content\/uploads\/2024\/10\/DAKU_Logokombi_01-01-300x109.jpg 300w, http:\/\/mellimueller.com\/wordpress\/wp-content\/uploads\/2024\/10\/DAKU_Logokombi_01-01-768x280.jpg 768w, http:\/\/mellimueller.com\/wordpress\/wp-content\/uploads\/2024\/10\/DAKU_Logokombi_01-01-1536x560.jpg 1536w, http:\/\/mellimueller.com\/wordpress\/wp-content\/uploads\/2024\/10\/DAKU_Logokombi_01-01-2048x746.jpg 2048w, http:\/\/mellimueller.com\/wordpress\/wp-content\/uploads\/2024\/10\/DAKU_Logokombi_01-01-880x321.jpg 880w, http:\/\/mellimueller.com\/wordpress\/wp-content\/uploads\/2024\/10\/DAKU_Logokombi_01-01-220x80.jpg 220w\" sizes=\"auto, (max-width: 150px) 100vw, 150px\" \/><\/figure>\n\n\n\n<p><a href=\"http:\/\/mellimueller.com\/wordpress\/\"><span style=\"color:#ffffff\" class=\"has-inline-color\">rrit<\/span><\/a><span style=\"color:#ffffff\" class=\"has-inline-color\">ory, Melli&#8217;s Fantasy, Hari, Tell me what you want me to be, For three hours I am yours, Otte M\u00fcller Therapie, Cleansing, POL<\/span><\/p>\n\n\n\n<p><span style=\"color:#ffffff\" class=\"has-inline-color\">E, Dear me, &#8230; and and and and and and and and and and and and and and and and<strong> and and and and and and and and<\/strong>and and and and and and and andand and and and and and and andand and and and and and and andand and and and and and and andand and and and and and and andand and and and and and and andand and and and and and and andand and and and and and and andand and and and and and and andand and and and and and and andand and and and and and and andand and and and and and and andand and and and and and and andand and and and and and and andand and and and and and and and and and and and and andand and and and and and and andand and and and and and and andand and and and and and and andand and and and and and and andand and and and and and and andand and and and and and and andand and and and and and and andand and and and and and and andand and and and and and and andand and and and and and and andand and and and and and and andand and and and a short film by Melli M\u00fcllerand and and and a short film by Melli M\u00fcller<\/span><\/p>\n","protected":false},"excerpt":{"rendered":"<p>film by Melli M\u00fcller a short film by Melli M\u00fcller COMING SOON Melli\u2019s Fantasy is a Super 8 film about intimacy and desire. Lying in bed, Melli tells of an encounter with another person. a film by MELLI M\u00dcLLER&nbsp;starring MELLI M\u00dcLLERdirector of photography SAMUEL OTTESupported by Fonds Darstellende K\u00fcnste with funds from the Federal Government [&hellip;]<\/p>\n","protected":false},"author":1,"featured_media":0,"parent":0,"menu_order":0,"comment_status":"closed","ping_status":"closed","template":"","meta":{"footnotes":""},"class_list":["post-1432","page","type-page","status-publish","hentry"],"yoast_head":"<!-- This site is optimized with the Yoast SEO plugin v14.3 - https:\/\/yoast.com\/wordpress\/plugins\/seo\/ -->\n<title>Melli&#039;s Fantasy - a short film by Melli M\u00fcller COMING SOON<\/title>\n<meta name=\"description\" content=\"A short film by Melli M\u00fcller. Melli\u2019s Fantasy is a Super 8 film about intimacy and desire. Lying in bed, Melli tells of an encounter with another person.\" \/>\n<meta name=\"robots\" content=\"index, follow\" \/>\n<meta name=\"googlebot\" content=\"index, follow, max-snippet:-1, max-image-preview:large, max-video-preview:-1\" \/>\n<meta name=\"bingbot\" content=\"index, follow, max-snippet:-1, max-image-preview:large, max-video-preview:-1\" \/>\n<link rel=\"canonical\" href=\"http:\/\/mellimueller.com\/wordpress\/mellis-fantasy\/\" \/>\n<meta property=\"og:locale\" content=\"de_DE\" \/>\n<meta property=\"og:type\" content=\"article\" \/>\n<meta property=\"og:title\" content=\"Melli&#039;s Fantasy - a short film by Melli M\u00fcller COMING SOON\" \/>\n<meta property=\"og:description\" content=\"A short film by Melli M\u00fcller. Melli\u2019s Fantasy is a Super 8 film about intimacy and desire. Lying in bed, Melli tells of an encounter with another person.\" \/>\n<meta property=\"og:url\" content=\"http:\/\/mellimueller.com\/wordpress\/mellis-fantasy\/\" \/>\n<meta property=\"article:modified_time\" content=\"2024-12-25T02:35:58+00:00\" \/>\n<meta property=\"og:image\" content=\"http:\/\/mellimueller.com\/wordpress\/wp-content\/uploads\/2024\/10\/DAKU_Logokombi_01-01-780x284.jpg\" \/>\n<meta name=\"twitter:card\" content=\"summary_large_image\" \/>\n<script type=\"application\/ld+json\" class=\"yoast-schema-graph\">{\"@context\":\"https:\/\/schema.org\",\"@graph\":[{\"@type\":\"WebSite\",\"@id\":\"http:\/\/mellimueller.com\/wordpress\/#website\",\"url\":\"http:\/\/mellimueller.com\/wordpress\/\",\"name\":\"\",\"description\":\"\",\"potentialAction\":[{\"@type\":\"SearchAction\",\"target\":\"http:\/\/mellimueller.com\/wordpress\/?s={search_term_string}\",\"query-input\":\"required name=search_term_string\"}],\"inLanguage\":\"de\"},{\"@type\":\"ImageObject\",\"@id\":\"http:\/\/mellimueller.com\/wordpress\/mellis-fantasy\/#primaryimage\",\"inLanguage\":\"de\",\"url\":\"http:\/\/mellimueller.com\/wordpress\/wp-content\/uploads\/2024\/10\/DAKU_Logokombi_01-01-780x284.jpg\"},{\"@type\":\"WebPage\",\"@id\":\"http:\/\/mellimueller.com\/wordpress\/mellis-fantasy\/#webpage\",\"url\":\"http:\/\/mellimueller.com\/wordpress\/mellis-fantasy\/\",\"name\":\"Melli's Fantasy - a short film by Melli M\\u00fcller COMING SOON\",\"isPartOf\":{\"@id\":\"http:\/\/mellimueller.com\/wordpress\/#website\"},\"primaryImageOfPage\":{\"@id\":\"http:\/\/mellimueller.com\/wordpress\/mellis-fantasy\/#primaryimage\"},\"datePublished\":\"2024-10-10T22:57:47+00:00\",\"dateModified\":\"2024-12-25T02:35:58+00:00\",\"description\":\"A short film by Melli M\\u00fcller. Melli\\u2019s Fantasy is a Super 8 film about intimacy and desire. Lying in bed, Melli tells of an encounter with another person.\",\"inLanguage\":\"de\",\"potentialAction\":[{\"@type\":\"ReadAction\",\"target\":[\"http:\/\/mellimueller.com\/wordpress\/mellis-fantasy\/\"]}]}]}<\/script>\n<!-- \/ Yoast SEO plugin. -->","_links":{"self":[{"href":"http:\/\/mellimueller.com\/wordpress\/wp-json\/wp\/v2\/pages\/1432","targetHints":{"allow":["GET"]}}],"collection":[{"href":"http:\/\/mellimueller.com\/wordpress\/wp-json\/wp\/v2\/pages"}],"about":[{"href":"http:\/\/mellimueller.com\/wordpress\/wp-json\/wp\/v2\/types\/page"}],"author":[{"embeddable":true,"href":"http:\/\/mellimueller.com\/wordpress\/wp-json\/wp\/v2\/users\/1"}],"replies":[{"embeddable":true,"href":"http:\/\/mellimueller.com\/wordpress\/wp-json\/wp\/v2\/comments?post=1432"}],"version-history":[{"count":8,"href":"http:\/\/mellimueller.com\/wordpress\/wp-json\/wp\/v2\/pages\/1432\/revisions"}],"predecessor-version":[{"id":1514,"href":"http:\/\/mellimueller.com\/wordpress\/wp-json\/wp\/v2\/pages\/1432\/revisions\/1514"}],"wp:attachment":[{"href":"http:\/\/mellimueller.com\/wordpress\/wp-json\/wp\/v2\/media?parent=1432"}],"curies":[{"name":"wp","href":"https:\/\/api.w.org\/{rel}","templated":true}]}}